{"id":71,"date":"2014-05-16T01:10:07","date_gmt":"2014-05-15T23:10:07","guid":{"rendered":"http:\/\/localhost:8888\/comgrangeshyrkart\/?page_id=71"},"modified":"2024-06-19T13:49:07","modified_gmt":"2024-06-19T11:49:07","slug":"kontakt","status":"publish","type":"page","link":"https:\/\/grangeshyrkart.se\/?page_id=71","title":{"rendered":"Kontakt\/\u00d6ppettider"},"content":{"rendered":"\n<div class=\"wp-block-columns is-layout-flex wp-container-core-columns-is-layout-9d6595d7 wp-block-columns-is-layout-flex\">\n<div class=\"wp-block-column is-layout-flow wp-block-column-is-layout-flow\">\n<h2 class=\"wp-block-heading\"><strong>Kontakt<\/strong><\/h2>\n\n\n\n<p>Telefon: 070-344 82 25<br>E-post: hyrkart@telia.com<\/p>\n\n\n\n<h2 class=\"wp-block-heading\"><strong>Hitta hit<\/strong><\/h2>\n\n\n\n<p>Gr\u00e4ngesbergs Hyr-Kart AB<\/p>\n\n\n\n<p>Gamla Dynamiten omr\u00e5det<\/p>\n\n\n\n<p>R\u00f6da dammsv\u00e4gen 11<br>772 90 Gr\u00e4ngesberg<\/p>\n<\/div>\n\n\n\n<div class=\"wp-block-column is-layout-flow wp-block-column-is-layout-flow\">\n<h2 class=\"wp-block-heading\"><strong>\u00d6ppettider<\/strong><\/h2>\n\n\n\n<p>Maj &#8211; September<br>12-20<\/p>\n\n\n\n<p>Andra tider<br>kontakta oss &#8211; vi finns hela \u00e5ret<\/p>\n\n\n\n<p>Midsommarafton<br>st\u00e4ngt<\/p>\n<\/div>\n<\/div>\n\n\n<p><iframe loading=\"lazy\" style=\"border: 0;\" src=\"https:\/\/www.google.com\/maps\/embed?pb=!1m22!1m12!1m3!1d1990.7574727966098!2d14.994730274536026!3d60.068819746506875!2m3!1f0!2f0!3f0!3m2!1i1024!2i768!4f13.1!4m7!1i0!3e6!4m0!4m3!3m2!1d60.069077699999994!2d14.9949353!5e0!3m2!1ssv!2sse!4v1400248449893\" width=\"600\" height=\"450\" frameborder=\"0\"><\/iframe><\/p>\n<p><!-- \/wp:post-content --><\/p>","protected":false},"excerpt":{"rendered":"<p>Kontakt Telefon: 070-344 82 25E-post: hyrkart@telia.com Hitta hit Gr\u00e4ngesbergs Hyr-Kart AB Gamla Dynamiten omr\u00e5det R\u00f6da dammsv\u00e4gen 11772 90 Gr\u00e4ngesberg \u00d6ppettider Maj &#8211; September12-20 Andra tiderkontakta oss &#8211; vi finns hela \u00e5ret Midsommaraftonst\u00e4ngt<\/p>\n","protected":false},"author":1,"featured_media":0,"parent":0,"menu_order":8,"comment_status":"closed","ping_status":"closed","template":"templates\/template-full.php","meta":{"footnotes":""},"class_list":["post-71","page","type-page","status-publish","hentry","post"],"jetpack_sharing_enabled":true,"_links":{"self":[{"href":"https:\/\/grangeshyrkart.se\/index.php?rest_route=\/wp\/v2\/pages\/71","targetHints":{"allow":["GET"]}}],"collection":[{"href":"https:\/\/grangeshyrkart.se\/index.php?rest_route=\/wp\/v2\/pages"}],"about":[{"href":"https:\/\/grangeshyrkart.se\/index.php?rest_route=\/wp\/v2\/types\/page"}],"author":[{"embeddable":true,"href":"https:\/\/grangeshyrkart.se\/index.php?rest_route=\/wp\/v2\/users\/1"}],"replies":[{"embeddable":true,"href":"https:\/\/grangeshyrkart.se\/index.php?rest_route=%2Fwp%2Fv2%2Fcomments&post=71"}],"version-history":[{"count":6,"href":"https:\/\/grangeshyrkart.se\/index.php?rest_route=\/wp\/v2\/pages\/71\/revisions"}],"predecessor-version":[{"id":580,"href":"https:\/\/grangeshyrkart.se\/index.php?rest_route=\/wp\/v2\/pages\/71\/revisions\/580"}],"wp:attachment":[{"href":"https:\/\/grangeshyrkart.se\/index.php?rest_route=%2Fwp%2Fv2%2Fmedia&parent=71"}],"curies":[{"name":"wp","href":"https:\/\/api.w.org\/{rel}","templated":true}]}}