{"id":51,"date":"2014-05-16T00:58:53","date_gmt":"2014-05-15T22:58:53","guid":{"rendered":"http:\/\/localhost:8888\/comgrangeshyrkart\/?page_id=51"},"modified":"2025-08-21T13:06:25","modified_gmt":"2025-08-21T11:06:25","slug":"hem","status":"publish","type":"page","link":"https:\/\/grangeshyrkart.se\/","title":{"rendered":"Hem"},"content":{"rendered":"<div class=\"n2-section-smartslider fitvidsignore  n2_clear\" data-ssid=\"2\"><div id=\"n2-ss-2-align\" class=\"n2-ss-align\"><div class=\"n2-padding\"><div id=\"n2-ss-2\" data-creator=\"Smart Slider 3\" data-responsive=\"auto\" class=\"n2-ss-slider n2-ow n2-has-hover n2notransition  \"><div class=\"n2-ss-slider-wrapper-inside\">\n        <div class=\"n2-ss-slider-1 n2_ss__touch_element n2-ow\">\n            <div class=\"n2-ss-slider-2 n2-ow\">\n                                                <div class=\"n2-ss-slider-3 n2-ow\">\n\n                    <div class=\"n2-ss-slide-backgrounds n2-ow-all\"><div class=\"n2-ss-slide-background\" data-public-id=\"1\" data-mode=\"fill\"><div class=\"n2-ss-slide-background-image\" data-blur=\"0\" data-opacity=\"100\" data-x=\"50\" data-y=\"50\" data-alt=\"\" data-title=\"\"><picture class=\"skip-lazy jetpack-lazy-image\" data-skip-lazy=\"1\"><img decoding=\"async\" src=\"\/\/grangeshyrkart.se\/wp-content\/uploads\/2014\/09\/gokart2.jpg\" alt=\"\" title=\"\" loading=\"lazy\" class=\"skip-lazy jetpack-lazy-image\" data-skip-lazy=\"1\"><\/picture><\/div><div data-color=\"RGBA(255,255,255,0)\" style=\"background-color: RGBA(255,255,255,0);\" class=\"n2-ss-slide-background-color\"><\/div><\/div><div class=\"n2-ss-slide-background\" data-public-id=\"2\" data-mode=\"fill\"><div class=\"n2-ss-slide-background-image\" data-blur=\"0\" data-opacity=\"100\" data-x=\"50\" data-y=\"50\" data-alt=\"\" data-title=\"\"><picture class=\"skip-lazy jetpack-lazy-image\" data-skip-lazy=\"1\"><img decoding=\"async\" src=\"\/\/grangeshyrkart.se\/wp-content\/uploads\/2014\/09\/iskart13.jpg\" alt=\"\" title=\"\" loading=\"lazy\" class=\"skip-lazy jetpack-lazy-image\" data-skip-lazy=\"1\"><\/picture><\/div><div data-color=\"RGBA(255,255,255,0)\" style=\"background-color: RGBA(255,255,255,0);\" class=\"n2-ss-slide-background-color\"><\/div><\/div><div class=\"n2-ss-slide-background\" data-public-id=\"3\" data-mode=\"fill\"><div class=\"n2-ss-slide-background-image\" data-blur=\"0\" data-opacity=\"100\" data-x=\"50\" data-y=\"50\" data-alt=\"\" data-title=\"\"><picture class=\"skip-lazy jetpack-lazy-image\" data-skip-lazy=\"1\"><img decoding=\"async\" src=\"\/\/grangeshyrkart.se\/wp-content\/uploads\/2014\/09\/MG_4635.jpg\" alt=\"\" title=\"\" loading=\"lazy\" class=\"skip-lazy jetpack-lazy-image\" data-skip-lazy=\"1\"><\/picture><\/div><div data-color=\"RGBA(255,255,255,0)\" style=\"background-color: RGBA(255,255,255,0);\" class=\"n2-ss-slide-background-color\"><\/div><\/div><div class=\"n2-ss-slide-background\" data-public-id=\"4\" data-mode=\"fill\"><div class=\"n2-ss-slide-background-image\" data-blur=\"0\" data-opacity=\"100\" data-x=\"50\" data-y=\"50\" data-alt=\"\" data-title=\"\"><picture class=\"skip-lazy jetpack-lazy-image\" data-skip-lazy=\"1\"><img decoding=\"async\" src=\"\/\/grangeshyrkart.se\/wp-content\/uploads\/2014\/09\/14.jpg\" alt=\"\" title=\"\" loading=\"lazy\" class=\"skip-lazy jetpack-lazy-image\" data-skip-lazy=\"1\"><\/picture><\/div><div data-color=\"RGBA(255,255,255,0)\" style=\"background-color: RGBA(255,255,255,0);\" class=\"n2-ss-slide-background-color\"><\/div><\/div><\/div>                    <div class=\"n2-ss-slider-4 n2-ow\">\n                        <svg xmlns=\"http:\/\/www.w3.org\/2000\/svg\" viewBox=\"0 0 850 250\" data-related-device=\"desktopPortrait\" class=\"n2-ow n2-ss-preserve-size n2-ss-preserve-size--slider n2-ss-slide-limiter\"><\/svg><div data-first=\"1\" data-slide-duration=\"0\" data-id=\"3\" data-slide-public-id=\"1\" data-title=\"gokart2\" class=\"n2-ss-slide n2-ow  n2-ss-slide-3\"><div role=\"note\" class=\"n2-ss-slide--focus\" tabindex=\"-1\">gokart2<\/div><div class=\"n2-ss-layers-container n2-ss-slide-limiter n2-ow\"><div class=\"n2-ss-layer n2-ow n-uc-T4FO7OleFrWx\" data-sstype=\"slide\" data-pm=\"default\"><\/div><\/div><\/div><div data-slide-duration=\"0\" data-id=\"4\" data-slide-public-id=\"2\" data-title=\"iskart13\" class=\"n2-ss-slide n2-ow  n2-ss-slide-4\"><div role=\"note\" class=\"n2-ss-slide--focus\" tabindex=\"-1\">iskart13<\/div><div class=\"n2-ss-layers-container n2-ss-slide-limiter n2-ow\"><div class=\"n2-ss-layer n2-ow n-uc-nCubRtiocJlS\" data-sstype=\"slide\" data-pm=\"default\"><\/div><\/div><\/div><div data-slide-duration=\"0\" data-id=\"5\" data-slide-public-id=\"3\" data-title=\"_MG_4635\" class=\"n2-ss-slide n2-ow  n2-ss-slide-5\"><div role=\"note\" class=\"n2-ss-slide--focus\" tabindex=\"-1\">_MG_4635<\/div><div class=\"n2-ss-layers-container n2-ss-slide-limiter n2-ow\"><div class=\"n2-ss-layer n2-ow n-uc-1isr6tD8cDbN\" data-sstype=\"slide\" data-pm=\"default\"><\/div><\/div><\/div><div data-slide-duration=\"0\" data-id=\"6\" data-slide-public-id=\"4\" data-title=\"14\" class=\"n2-ss-slide n2-ow  n2-ss-slide-6\"><div role=\"note\" class=\"n2-ss-slide--focus\" tabindex=\"-1\">14<\/div><div class=\"n2-ss-layers-container n2-ss-slide-limiter n2-ow\"><div class=\"n2-ss-layer n2-ow n-uc-6phA1AzlVuIp\" data-sstype=\"slide\" data-pm=\"default\"><\/div><\/div><\/div>                    <\/div>\n\n                                    <\/div>\n            <\/div>\n        <\/div>\n        <div class=\"n2-ss-slider-controls n2-ss-slider-controls-absolute-left-center\"><div style=\"--widget-offset:15px;\" class=\"n2-ss-widget nextend-arrow n2-ow-all nextend-arrow-previous  nextend-arrow-animated-fade\" data-hide-mobileportrait=\"1\" id=\"n2-ss-2-arrow-previous\" role=\"button\" aria-label=\"previous arrow\" tabindex=\"0\"><img loading=\"lazy\" decoding=\"async\" width=\"32\" height=\"32\" class=\"skip-lazy jetpack-lazy-image\" data-skip-lazy=\"1\" src=\"data:image\/svg+xml;base64,PHN2ZyB3aWR0aD0iMzIiIGhlaWdodD0iMzIiIHZpZXdCb3g9IjAgMCAzMiAzMiIgeG1sbnM9Imh0dHA6Ly93d3cudzMub3JnLzIwMDAvc3ZnIj4KICAgIDxwYXRoIGQ9Ik0xMS40MzMgMTUuOTkyTDIyLjY5IDUuNzEyYy4zOTMtLjM5LjM5My0xLjAzIDAtMS40Mi0uMzkzLS4zOS0xLjAzLS4zOS0xLjQyMyAwbC0xMS45OCAxMC45NGMtLjIxLjIxLS4zLjQ5LS4yODUuNzYtLjAxNS4yOC4wNzUuNTYuMjg0Ljc3bDExLjk4IDEwLjk0Yy4zOTMuMzkgMS4wMy4zOSAxLjQyNCAwIC4zOTMtLjQuMzkzLTEuMDMgMC0xLjQybC0xMS4yNTctMTAuMjkiCiAgICAgICAgICBmaWxsPSIjZmZmZmZmIiBvcGFjaXR5PSIwLjgiIGZpbGwtcnVsZT0iZXZlbm9kZCIvPgo8L3N2Zz4=\" alt=\"previous arrow\"><\/div><\/div><div class=\"n2-ss-slider-controls n2-ss-slider-controls-absolute-right-center\"><div style=\"--widget-offset:15px;\" class=\"n2-ss-widget nextend-arrow n2-ow-all nextend-arrow-next  nextend-arrow-animated-fade\" data-hide-mobileportrait=\"1\" id=\"n2-ss-2-arrow-next\" role=\"button\" aria-label=\"next arrow\" tabindex=\"0\"><img loading=\"lazy\" decoding=\"async\" width=\"32\" height=\"32\" class=\"skip-lazy jetpack-lazy-image\" data-skip-lazy=\"1\" src=\"data:image\/svg+xml;base64,PHN2ZyB3aWR0aD0iMzIiIGhlaWdodD0iMzIiIHZpZXdCb3g9IjAgMCAzMiAzMiIgeG1sbnM9Imh0dHA6Ly93d3cudzMub3JnLzIwMDAvc3ZnIj4KICAgIDxwYXRoIGQ9Ik0xMC43MjIgNC4yOTNjLS4zOTQtLjM5LTEuMDMyLS4zOS0xLjQyNyAwLS4zOTMuMzktLjM5MyAxLjAzIDAgMS40MmwxMS4yODMgMTAuMjgtMTEuMjgzIDEwLjI5Yy0uMzkzLjM5LS4zOTMgMS4wMiAwIDEuNDIuMzk1LjM5IDEuMDMzLjM5IDEuNDI3IDBsMTIuMDA3LTEwLjk0Yy4yMS0uMjEuMy0uNDkuMjg0LS43Ny4wMTQtLjI3LS4wNzYtLjU1LS4yODYtLjc2TDEwLjcyIDQuMjkzeiIKICAgICAgICAgIGZpbGw9IiNmZmZmZmYiIG9wYWNpdHk9IjAuOCIgZmlsbC1ydWxlPSJldmVub2RkIi8+Cjwvc3ZnPg==\" alt=\"next arrow\"><\/div><\/div><\/div><\/div><ss3-loader><\/ss3-loader><\/div><\/div><div class=\"n2_clear\"><\/div><\/div>\n\n\n<div class=\"wp-block-group\"><div class=\"wp-block-group__inner-container is-layout-constrained wp-block-group-is-layout-constrained\">\n<h1 class=\"wp-block-heading\"><strong>V\u00e4lkommen till Gr\u00e4nges Hyr-kart<\/strong><\/h1>\n\n\n\n<p><\/p>\n\n\n\n<div class=\"wp-block-columns is-layout-flex wp-container-core-columns-is-layout-9d6595d7 wp-block-columns-is-layout-flex\">\n<div class=\"wp-block-column is-layout-flow wp-block-column-is-layout-flow\" style=\"flex-basis:66.66%\">\n<p>H\u00e4r har du chansen att uppleva fart, \u00e4ventyr, sp\u00e4nning och avkoppling. Vid v\u00e5ran motorstadion i Gr\u00e4ngesberg kan vi erbjuda m\u00e5nga roliga och utmanande aktiviteter f\u00f6r b\u00e5de f\u00f6retag och privatpersoner. H\u00e4r har&nbsp;du garanterat roligt.<\/p>\n\n\n\n<p><strong>Uppdatering 2024:<\/strong><br>Som en av f\u00e5 anl\u00e4ggningar erbjuder Gr\u00e4nges Hyrkart nu inte bara en, utan fyra, anpassade gokarter med handreglage. Fordonen g\u00f6r det m\u00f6jligt f\u00f6r de som av olika anledningar inte kan anv\u00e4nda pedalerna att vara med och t\u00e4vla p\u00e5 lika villkor. Gokarterna ing\u00e5r i den ordinarie vagnsparken och bokas p\u00e5 samma s\u00e4tt som standardbilarna samt de med dubbelkommando.<br>Satsningen har via Leader Bergslagen medfinansierats av Europeiska unionen och \u00e4r en del av projektet Gokart f\u00f6r alla.<br>L\u00e4s mer p\u00e5 <a href=\"https:\/\/leaderbergslagen.eu\/projekt\/gokart-for-alla\">leaderbergslagen.eu\/projekt\/gokart-for-alla.<\/a><\/p>\n<\/div>\n\n\n\n<div class=\"wp-block-column is-layout-flow wp-block-column-is-layout-flow\" style=\"flex-basis:33.33%\">\n<figure class=\"wp-block-image size-large is-resized\"><a href=\"https:\/\/i0.wp.com\/grangeshyrkart.se\/wp-content\/uploads\/2024\/06\/Messenger_creation_c9776f8e-a7ff-4fd7-ad0b-cadfa6932aa8.jpeg?ssl=1\"><img loading=\"lazy\" decoding=\"async\" width=\"720\" height=\"895\" src=\"https:\/\/i0.wp.com\/grangeshyrkart.se\/wp-content\/uploads\/2024\/06\/Messenger_creation_c9776f8e-a7ff-4fd7-ad0b-cadfa6932aa8.jpeg?resize=720%2C895&#038;ssl=1\" alt=\"\" class=\"wp-image-481\" style=\"width:239px;height:auto\" srcset=\"https:\/\/i0.wp.com\/grangeshyrkart.se\/wp-content\/uploads\/2024\/06\/Messenger_creation_c9776f8e-a7ff-4fd7-ad0b-cadfa6932aa8.jpeg?resize=824%2C1024&amp;ssl=1 824w, https:\/\/i0.wp.com\/grangeshyrkart.se\/wp-content\/uploads\/2024\/06\/Messenger_creation_c9776f8e-a7ff-4fd7-ad0b-cadfa6932aa8.jpeg?resize=241%2C300&amp;ssl=1 241w, https:\/\/i0.wp.com\/grangeshyrkart.se\/wp-content\/uploads\/2024\/06\/Messenger_creation_c9776f8e-a7ff-4fd7-ad0b-cadfa6932aa8.jpeg?resize=768%2C954&amp;ssl=1 768w, https:\/\/i0.wp.com\/grangeshyrkart.se\/wp-content\/uploads\/2024\/06\/Messenger_creation_c9776f8e-a7ff-4fd7-ad0b-cadfa6932aa8.jpeg?w=1080&amp;ssl=1 1080w\" sizes=\"auto, (max-width: 720px) 100vw, 720px\" data-recalc-dims=\"1\" \/><\/a><\/figure>\n<\/div>\n<\/div>\n\n\n\n<div class=\"wp-block-columns is-layout-flex wp-container-core-columns-is-layout-9d6595d7 wp-block-columns-is-layout-flex\">\n<div class=\"wp-block-column is-layout-flow wp-block-column-is-layout-flow\"><\/div>\n\n\n\n<div class=\"wp-block-column is-layout-flow wp-block-column-is-layout-flow\"><\/div>\n<\/div>\n<\/div><\/div>\n\n\n\n<div class=\"wp-block-columns is-layout-flex wp-container-core-columns-is-layout-9d6595d7 wp-block-columns-is-layout-flex\">\n<div class=\"wp-block-column is-layout-flow wp-block-column-is-layout-flow\" style=\"flex-basis:66.66%\">\n<p><strong>Privat<\/strong><\/p>\n\n\n\n<p>Som privatperson finns det m\u00e5nga m\u00f6jligheter vid v\u00e5ran anl\u00e4ggning. Vad s\u00e4gs som en mysig kv\u00e4ll i v\u00e5ran bubbelpool eller utmana v\u00e4nnerna i gokart eller paintball. Har du egna id\u00e9er eller \u00f6nskem\u00e5l s\u00e5 g\u00f6r vi allt f\u00f6r att de ska g\u00e5 i uppfyllelse.<\/p>\n<\/div>\n\n\n\n<div class=\"wp-block-column is-layout-flow wp-block-column-is-layout-flow\" style=\"flex-basis:33.33%\">\n<p>Hos oss kan du till exempel boka arrangemang f\u00f6r :<br><strong>&#8211; F\u00f6delsedagar<\/strong><br><strong>&#8211; Svensexor<\/strong><br><strong>&#8211; Romantisk afton&nbsp;f\u00f6r tv\u00e5<\/strong><br><strong>&#8211; M\u00f6hippor<\/strong><br><strong>&#8211; Kompistr\u00e4ffar<\/strong><br><strong>&#8211; Privata fester&nbsp;<\/strong><\/p>\n\n\n\n<p><\/p>\n<\/div>\n<\/div>\n\n\n\n<div class=\"wp-block-columns is-layout-flex wp-container-core-columns-is-layout-9d6595d7 wp-block-columns-is-layout-flex\">\n<div class=\"wp-block-column is-layout-flow wp-block-column-is-layout-flow\" style=\"flex-basis:66.66%\">\n<p><strong>F\u00f6retag<\/strong><\/p>\n\n\n\n<p>\u00c4r medarbetarna tr\u00f6tta p\u00e5 jobbet och beh\u00f6ver en liten energikick? Dags att anordna en kickoff. H\u00e4r kan ni kombinera konferens, ett hett gokartrace, en god bit mat och dryck i v\u00e5ran relaxavdelning samt avsluta med bastu och bubbelpool. <\/p>\n\n\n\n<p>Vi skr\u00e4ddarsyr ert f\u00f6retagsarrangemang s\u00e5 det passar er.<\/p>\n\n\n\n<p><\/p>\n<\/div>\n\n\n\n<div class=\"wp-block-column is-layout-flow wp-block-column-is-layout-flow\" style=\"flex-basis:33.33%\">\n<p>Exempel p\u00e5 f\u00f6retags arrangemang som g\u00e5r att boka:<br><strong>&#8211; Kickoff<\/strong><br><strong>&#8211; Konferenser<\/strong><br><strong>&#8211; Personalfester<\/strong><br><strong>&#8211; Kundevenemang<\/strong><br><strong>&#8211; Temafester<\/strong><br><strong>&#8211; Seminarium<\/strong><\/p>\n<\/div>\n<\/div>\n\n\n\n<p><script>\/\/ <![CDATA[ (function(i,s,o,g,r,a,m){i['GoogleAnalyticsObject']=r;i[r]=i[r]||function(){ (i[r].q=i[r].q||[]).push(arguments)},i[r].l=1*new Date();a=s.createElement(o), m=s.getElementsByTagName(o)[0];a.async=1;a.src=g;m.parentNode.insertBefore(a,m) })(window,document,'script','\/\/www.google-analytics.com\/analytics.js','ga'); ga('create', 'UA-55149669-1', 'auto'); ga('send', 'pageview'); \/\/ ]]><\/script><\/p>\n","protected":false},"excerpt":{"rendered":"<p>V\u00e4lkommen till Gr\u00e4nges Hyr-kart H\u00e4r har du chansen att uppleva fart, \u00e4ventyr, sp\u00e4nning och avkoppling. Vid v\u00e5ran motorstadion i Gr\u00e4ngesberg kan vi erbjuda m\u00e5nga roliga och utmanande aktiviteter f\u00f6r b\u00e5de f\u00f6retag och privatpersoner. H\u00e4r har&nbsp;du garanterat roligt. Uppdatering 2024:Som en av f\u00e5 anl\u00e4ggningar erbjuder Gr\u00e4nges Hyrkart nu inte bara en, utan fyra, anpassade gokarter med [&hellip;]<\/p>\n","protected":false},"author":1,"featured_media":0,"parent":0,"menu_order":0,"comment_status":"closed","ping_status":"closed","template":"templates\/template-full.php","meta":{"footnotes":""},"class_list":["post-51","page","type-page","status-publish","hentry","post"],"jetpack_sharing_enabled":true,"_links":{"self":[{"href":"https:\/\/grangeshyrkart.se\/index.php?rest_route=\/wp\/v2\/pages\/51","targetHints":{"allow":["GET"]}}],"collection":[{"href":"https:\/\/grangeshyrkart.se\/index.php?rest_route=\/wp\/v2\/pages"}],"about":[{"href":"https:\/\/grangeshyrkart.se\/index.php?rest_route=\/wp\/v2\/types\/page"}],"author":[{"embeddable":true,"href":"https:\/\/grangeshyrkart.se\/index.php?rest_route=\/wp\/v2\/users\/1"}],"replies":[{"embeddable":true,"href":"https:\/\/grangeshyrkart.se\/index.php?rest_route=%2Fwp%2Fv2%2Fcomments&post=51"}],"version-history":[{"count":34,"href":"https:\/\/grangeshyrkart.se\/index.php?rest_route=\/wp\/v2\/pages\/51\/revisions"}],"predecessor-version":[{"id":722,"href":"https:\/\/grangeshyrkart.se\/index.php?rest_route=\/wp\/v2\/pages\/51\/revisions\/722"}],"wp:attachment":[{"href":"https:\/\/grangeshyrkart.se\/index.php?rest_route=%2Fwp%2Fv2%2Fmedia&parent=51"}],"curies":[{"name":"wp","href":"https:\/\/api.w.org\/{rel}","templated":true}]}}