{"id":23,"date":"2014-05-15T23:14:57","date_gmt":"2014-05-15T21:14:57","guid":{"rendered":"http:\/\/localhost:8888\/comgrangeshyrkart\/?page_id=23"},"modified":"2025-08-21T13:11:34","modified_gmt":"2025-08-21T11:11:34","slug":"relax-2","status":"publish","type":"page","link":"https:\/\/grangeshyrkart.se\/?page_id=23","title":{"rendered":"Relax"},"content":{"rendered":"\n<p>S<strong>lappna av i v\u00e5r bubbelpool<\/strong><br>Efter ett tufft och j\u00e4mnt race p\u00e5 v\u00e5ran gokartbana och leksinnet f\u00e5tt sitt s\u00e5 \u00e4r det dags att \u00e4ven v\u00e5rda kropp och sj\u00e4l . L\u00e5t festen forts\u00e4tta i v\u00e5r relaxavdelning. H\u00e4r kan ni h\u00e4mta nya krafter, skratta och ha roligt. Du kan sj\u00e4lvklart ocks\u00e5 boka endast relaxavdelningen om du bara vill slappna av en stund<\/p>\n\n\n\n<p><strong>Mat och dryck<\/strong><br>Vi serverar s\u00e4llskapet mat och dryck i anslutning till v\u00e5r relaxavdelning. Man blir hungrig av att t\u00e4vla och ha roligt. Vi erbjuder en god bit mat samt n\u00e5got gott att dricka innan ni hoppar i bubbelbadet eller in i bastun. B\u00e5de alkohol och alkoholfria drycker finns tillg\u00e4ngliga under er vistelse hos oss.<\/p>\n\n\n\n<p><strong>Observera att det inte \u00e4r till\u00e5tet att medtaga egen mat och dryck till anl\u00e4ggningen<\/strong>.<\/p>\n\n\n\n<p><strong>Service <\/strong><\/p>\n\n\n\n<p>V\u00e5ran hj\u00e4lpsamma personal finns tillg\u00e4nglig under hela er vistelse. Omkl\u00e4dningsrum f\u00f6r b\u00e5de herr och dam samt toaletter \u00e4r i direkt anslutning till v\u00e5r relaxavdelning. Skulle ni \u00f6nska n\u00e5got speciellt arrangemang i samband med eran vistelse hos oss, s\u00e5 g\u00e5r det att boka till. Vi hj\u00e4lper g\u00e4rna till om ni har specifika \u00f6nskem\u00e5l.<\/p>\n\n\n\n<div class=\"wp-block-columns is-layout-flex wp-container-core-columns-is-layout-9d6595d7 wp-block-columns-is-layout-flex\">\n<div class=\"wp-block-column is-layout-flow wp-block-column-is-layout-flow\" style=\"flex-basis:66.66%\"><div class=\"n2-section-smartslider fitvidsignore  n2_clear\" data-ssid=\"6\"><div id=\"n2-ss-6-align\" class=\"n2-ss-align\"><div class=\"n2-padding\"><div id=\"n2-ss-6\" data-creator=\"Smart Slider 3\" data-responsive=\"auto\" class=\"n2-ss-slider n2-ow n2-has-hover n2notransition  \"><div class=\"n2-ss-slider-wrapper-inside\">\n        <div class=\"n2-ss-slider-1 n2_ss__touch_element n2-ow\">\n            <div class=\"n2-ss-slider-2 n2-ow\">\n                                                <div class=\"n2-ss-slider-3 n2-ow\">\n\n                    <div class=\"n2-ss-slide-backgrounds n2-ow-all\"><div class=\"n2-ss-slide-background\" data-public-id=\"1\" data-mode=\"fill\"><div class=\"n2-ss-slide-background-image\" data-blur=\"0\" data-opacity=\"100\" data-x=\"50\" data-y=\"50\" data-alt=\"\" data-title=\"\"><picture class=\"skip-lazy jetpack-lazy-image\" data-skip-lazy=\"1\"><img decoding=\"async\" src=\"\/\/grangeshyrkart.se\/wp-content\/uploads\/2014\/09\/MG_4671.jpg\" alt=\"\" title=\"\" loading=\"lazy\" class=\"skip-lazy jetpack-lazy-image\" data-skip-lazy=\"1\"><\/picture><\/div><div data-color=\"RGBA(255,255,255,0)\" style=\"background-color: RGBA(255,255,255,0);\" class=\"n2-ss-slide-background-color\"><\/div><\/div><div class=\"n2-ss-slide-background\" data-public-id=\"2\" data-mode=\"fill\"><div class=\"n2-ss-slide-background-image\" data-blur=\"0\" data-opacity=\"100\" data-x=\"50\" data-y=\"50\" data-alt=\"\" data-title=\"\"><picture class=\"skip-lazy jetpack-lazy-image\" data-skip-lazy=\"1\"><img decoding=\"async\" src=\"\/\/grangeshyrkart.se\/wp-content\/uploads\/2014\/09\/MG_4719.jpg\" alt=\"\" title=\"\" loading=\"lazy\" class=\"skip-lazy jetpack-lazy-image\" data-skip-lazy=\"1\"><\/picture><\/div><div data-color=\"RGBA(255,255,255,0)\" style=\"background-color: RGBA(255,255,255,0);\" class=\"n2-ss-slide-background-color\"><\/div><\/div><div class=\"n2-ss-slide-background\" data-public-id=\"3\" data-mode=\"fill\"><div class=\"n2-ss-slide-background-image\" data-blur=\"0\" data-opacity=\"100\" data-x=\"50\" data-y=\"50\" data-alt=\"\" data-title=\"\"><picture class=\"skip-lazy jetpack-lazy-image\" data-skip-lazy=\"1\"><img decoding=\"async\" src=\"\/\/grangeshyrkart.se\/wp-content\/uploads\/2014\/09\/IMG_2377.jpg\" alt=\"\" title=\"\" loading=\"lazy\" class=\"skip-lazy jetpack-lazy-image\" data-skip-lazy=\"1\"><\/picture><\/div><div data-color=\"RGBA(255,255,255,0)\" style=\"background-color: RGBA(255,255,255,0);\" class=\"n2-ss-slide-background-color\"><\/div><\/div><div class=\"n2-ss-slide-background\" data-public-id=\"4\" data-mode=\"fill\"><div class=\"n2-ss-slide-background-image\" data-blur=\"0\" data-opacity=\"100\" data-x=\"50\" data-y=\"50\" data-alt=\"\" data-title=\"\"><picture class=\"skip-lazy jetpack-lazy-image\" data-skip-lazy=\"1\"><img decoding=\"async\" src=\"\/\/grangeshyrkart.se\/wp-content\/uploads\/2014\/09\/MG_4702.jpg\" alt=\"\" title=\"\" loading=\"lazy\" class=\"skip-lazy jetpack-lazy-image\" data-skip-lazy=\"1\"><\/picture><\/div><div data-color=\"RGBA(255,255,255,0)\" style=\"background-color: RGBA(255,255,255,0);\" class=\"n2-ss-slide-background-color\"><\/div><\/div><\/div>                    <div class=\"n2-ss-slider-4 n2-ow\">\n                        <svg xmlns=\"http:\/\/www.w3.org\/2000\/svg\" viewBox=\"0 0 1200 600\" data-related-device=\"desktopPortrait\" class=\"n2-ow n2-ss-preserve-size n2-ss-preserve-size--slider n2-ss-slide-limiter\"><\/svg><div data-first=\"1\" data-slide-duration=\"0\" data-id=\"19\" data-slide-public-id=\"1\" data-title=\"_MG_4671\" class=\"n2-ss-slide n2-ow  n2-ss-slide-19\"><div role=\"note\" class=\"n2-ss-slide--focus\" tabindex=\"-1\">_MG_4671<\/div><div class=\"n2-ss-layers-container n2-ss-slide-limiter n2-ow\"><div class=\"n2-ss-layer n2-ow n-uc-lOr48r3kOoEX\" data-sstype=\"slide\" data-pm=\"default\"><\/div><\/div><\/div><div data-slide-duration=\"0\" data-id=\"20\" data-slide-public-id=\"2\" data-title=\"_MG_4719\" class=\"n2-ss-slide n2-ow  n2-ss-slide-20\"><div role=\"note\" class=\"n2-ss-slide--focus\" tabindex=\"-1\">_MG_4719<\/div><div class=\"n2-ss-layers-container n2-ss-slide-limiter n2-ow\"><div class=\"n2-ss-layer n2-ow n-uc-TbT77NyzbytE\" data-sstype=\"slide\" data-pm=\"default\"><\/div><\/div><\/div><div data-slide-duration=\"0\" data-id=\"22\" data-slide-public-id=\"3\" data-title=\"IMG_2377\" class=\"n2-ss-slide n2-ow  n2-ss-slide-22\"><div role=\"note\" class=\"n2-ss-slide--focus\" tabindex=\"-1\">IMG_2377<\/div><div class=\"n2-ss-layers-container n2-ss-slide-limiter n2-ow\"><div class=\"n2-ss-layer n2-ow n-uc-uitKDXpr3d0P\" data-sstype=\"slide\" data-pm=\"default\"><\/div><\/div><\/div><div data-slide-duration=\"0\" data-id=\"74\" data-slide-public-id=\"4\" data-title=\"_MG_4702\" class=\"n2-ss-slide n2-ow  n2-ss-slide-74\"><div role=\"note\" class=\"n2-ss-slide--focus\" tabindex=\"-1\">_MG_4702<\/div><div class=\"n2-ss-layers-container n2-ss-slide-limiter n2-ow\"><div class=\"n2-ss-layer n2-ow n-uc-FOlJ1SAoM7pw\" data-sstype=\"slide\" data-pm=\"default\"><\/div><\/div><\/div>                    <\/div>\n\n                                    <\/div>\n            <\/div>\n        <\/div>\n        <div class=\"n2-ss-slider-controls n2-ss-slider-controls-absolute-left-center\"><div style=\"--widget-offset:15px;\" class=\"n2-ss-widget nextend-arrow n2-ow-all nextend-arrow-previous  nextend-arrow-animated-fade\" data-hide-mobileportrait=\"1\" id=\"n2-ss-6-arrow-previous\" role=\"button\" aria-label=\"previous arrow\" tabindex=\"0\"><img loading=\"lazy\" decoding=\"async\" width=\"32\" height=\"32\" class=\"skip-lazy jetpack-lazy-image\" data-skip-lazy=\"1\" src=\"data:image\/svg+xml;base64,PHN2ZyB3aWR0aD0iMzIiIGhlaWdodD0iMzIiIHZpZXdCb3g9IjAgMCAzMiAzMiIgeG1sbnM9Imh0dHA6Ly93d3cudzMub3JnLzIwMDAvc3ZnIj4KICAgIDxwYXRoIGQ9Ik0xMS40MzMgMTUuOTkyTDIyLjY5IDUuNzEyYy4zOTMtLjM5LjM5My0xLjAzIDAtMS40Mi0uMzkzLS4zOS0xLjAzLS4zOS0xLjQyMyAwbC0xMS45OCAxMC45NGMtLjIxLjIxLS4zLjQ5LS4yODUuNzYtLjAxNS4yOC4wNzUuNTYuMjg0Ljc3bDExLjk4IDEwLjk0Yy4zOTMuMzkgMS4wMy4zOSAxLjQyNCAwIC4zOTMtLjQuMzkzLTEuMDMgMC0xLjQybC0xMS4yNTctMTAuMjkiCiAgICAgICAgICBmaWxsPSIjZmZmZmZmIiBvcGFjaXR5PSIwLjgiIGZpbGwtcnVsZT0iZXZlbm9kZCIvPgo8L3N2Zz4=\" alt=\"previous arrow\"><\/div><\/div><div class=\"n2-ss-slider-controls n2-ss-slider-controls-absolute-right-center\"><div style=\"--widget-offset:15px;\" class=\"n2-ss-widget nextend-arrow n2-ow-all nextend-arrow-next  nextend-arrow-animated-fade\" data-hide-mobileportrait=\"1\" id=\"n2-ss-6-arrow-next\" role=\"button\" aria-label=\"next arrow\" tabindex=\"0\"><img loading=\"lazy\" decoding=\"async\" width=\"32\" height=\"32\" class=\"skip-lazy jetpack-lazy-image\" data-skip-lazy=\"1\" src=\"data:image\/svg+xml;base64,PHN2ZyB3aWR0aD0iMzIiIGhlaWdodD0iMzIiIHZpZXdCb3g9IjAgMCAzMiAzMiIgeG1sbnM9Imh0dHA6Ly93d3cudzMub3JnLzIwMDAvc3ZnIj4KICAgIDxwYXRoIGQ9Ik0xMC43MjIgNC4yOTNjLS4zOTQtLjM5LTEuMDMyLS4zOS0xLjQyNyAwLS4zOTMuMzktLjM5MyAxLjAzIDAgMS40MmwxMS4yODMgMTAuMjgtMTEuMjgzIDEwLjI5Yy0uMzkzLjM5LS4zOTMgMS4wMiAwIDEuNDIuMzk1LjM5IDEuMDMzLjM5IDEuNDI3IDBsMTIuMDA3LTEwLjk0Yy4yMS0uMjEuMy0uNDkuMjg0LS43Ny4wMTQtLjI3LS4wNzYtLjU1LS4yODYtLjc2TDEwLjcyIDQuMjkzeiIKICAgICAgICAgIGZpbGw9IiNmZmZmZmYiIG9wYWNpdHk9IjAuOCIgZmlsbC1ydWxlPSJldmVub2RkIi8+Cjwvc3ZnPg==\" alt=\"next arrow\"><\/div><\/div><\/div><\/div><ss3-loader><\/ss3-loader><\/div><\/div><div class=\"n2_clear\"><\/div><\/div><\/div>\n\n\n\n<div class=\"wp-block-column is-layout-flow wp-block-column-is-layout-flow\" style=\"flex-basis:33.33%\">\n<pre class=\"wp-block-preformatted has-small-font-size\">\"En s\u00e5dan h\u00e4r anl\u00e4ggning \u00f6nskar jag att vi hade hemma, helt fantastiskt roligt\" <br><br>Nestor Remigio, Tan Delta, Fillipinerna<\/pre>\n<\/div>\n<\/div>\n\n\n\n<p><strong>Prisinformation<\/strong><br>Nedan kan du se information om olika paket vi erbjuder. Det g\u00e5r \u00e4ven bra att kombinera ihop ett eget paket som passar er. Har du speciella \u00f6nskem\u00e5l eller funderingar kontakta oss s\u00e5 hj\u00e4lper vi dig.<\/p>\n\n\n\n<p><\/p>\n\n\n\n<div class=\"wp-block-columns is-layout-flex wp-container-core-columns-is-layout-9d6595d7 wp-block-columns-is-layout-flex\">\n<div class=\"wp-block-column is-layout-flow wp-block-column-is-layout-flow\">\n<p><strong>Bubbelbad+Bastu<\/strong><br>Avnjut en stilla stund i bubbelbadet och bastun med v\u00e4nner, kollegor eller kunder. Garanterat mycket uppskattat. Drycker finns tillg\u00e4ngligt under vistelsen.<\/p>\n\n\n\n<p>Varaktighet: 2 timmar<br>Pris: 180 kr\/person. Bastu ing\u00e5r om man \u00e4r fler \u00e4n 2 st vuxna. Avgift f\u00f6r bastun \u00e4r annars 100 kr totalt.<\/p>\n\n\n\n<p><strong>Minsta antal fr\u00e5n kl 16, fredag, l\u00f6rdag och s\u00f6ndag \u00e4r 4 personer.<\/strong><\/p>\n\n\n\n<p><\/p>\n<\/div>\n\n\n\n<div class=\"wp-block-column is-layout-flow wp-block-column-is-layout-flow\">\n<p><strong>Bubbelpool+Bastu+Mat<br><\/strong>Vi serverar er en god bit <a href=\"http:\/\/dev.grangeshyrkart.se\/?page_id=161\">mat<\/a> innan ni hoppar i bubbelbadet. Avnjut sedan en stilla stund i bubbelbadet och bastun med v\u00e4nner, kollegor eller kunder. Garanterat mycket uppskattat.<\/p>\n\n\n\n<p>Varaktighet: 3 timmar<\/p>\n\n\n\n<p>Pris: ca 330 kr\/person. Priset kan skilja n\u00e5got beroende p\u00e5 vilken mat ni v\u00e4ljer.<\/p>\n\n\n\n<p><br><\/p>\n\n\n\n<p><\/p>\n\n\n\n<p><\/p>\n\n\n\n<p><\/p>\n<\/div>\n<\/div>\n\n\n\n<div class=\"wp-block-columns is-layout-flex wp-container-core-columns-is-layout-9d6595d7 wp-block-columns-is-layout-flex\">\n<div class=\"wp-block-column is-layout-flow wp-block-column-is-layout-flow\">\n<p><strong>Lilla Racet+Mat+Bastu+Relax med bubbelbad<\/strong><br>Efter <a href=\"http:\/\/dev.grangeshyrkart.se\/?page_id=14\">gokart<\/a> t\u00e4vlingen forts\u00e4tter upplevelsen med god <a href=\"http:\/\/dev.grangeshyrkart.se\/?page_id=161\">mat och dryck <\/a>i v\u00e5ra st\u00e4mningsfulla milj\u00f6er. Avsluta sedan med att slappna av i v\u00e5r Bubbelpool. Evenemanget \u00e4r mycket popul\u00e4rt inte bara som kundrepresentation utan \u00e4ven vid kompistr\u00e4ffar.<\/p>\n\n\n\n<p>Varaktighet: Gokart ca 1-1,5 tim. Relax 2 timmar.<br>Pris: ca 700 kr\/person, priset kan skilja n\u00e5got beroende p\u00e5 vilken mat ni v\u00e4ljer.<\/p>\n<\/div>\n\n\n\n<div class=\"wp-block-column is-layout-flow wp-block-column-is-layout-flow\">\n<p><strong>Lilla Racet+Mat+Bastu+Relax med bubbelpool+Paintball lilla paketet<\/strong><br>Efter <a href=\"http:\/\/dev.grangeshyrkart.se\/?page_id=14\">gokart<\/a> t\u00e4vlingen forts\u00e4tter upplevelsen med god <a href=\"https:\/\/grangeshyrkart.se\/?page_id=161\">mat och dryck <\/a>i v\u00e5ra st\u00e4mningsfulla milj\u00f6er. Slappna sedan av i v\u00e5ran h\u00e4rliga relaxavdelningen.<\/p>\n\n\n\n<p><a href=\"https:\/\/grangeshyrkart.se\/?page_id=27\">Paintball <\/a>ing\u00e5r \u00e4ven det. N\u00e4r detta spelas avg\u00f6r ni sj\u00e4lva.<\/p>\n\n\n\n<p>Varaktighet: Beroende p\u00e5 antal.<br>Pris: ca 930 kr\/person, priset kan skilja n\u00e5got beroende p\u00e5 vilken mat ni v\u00e4ljer.<\/p>\n<\/div>\n<\/div>\n\n\n\n<div class=\"wp-block-columns is-layout-flex wp-container-core-columns-is-layout-9d6595d7 wp-block-columns-is-layout-flex\">\n<div class=\"wp-block-column is-layout-flow wp-block-column-is-layout-flow\">\n<p><\/p>\n<\/div>\n\n\n\n<div class=\"wp-block-column is-layout-flow wp-block-column-is-layout-flow\"><\/div>\n<\/div>\n","protected":false},"excerpt":{"rendered":"<p>Slappna av i v\u00e5r bubbelpoolEfter ett tufft och j\u00e4mnt race p\u00e5 v\u00e5ran gokartbana och leksinnet f\u00e5tt sitt s\u00e5 \u00e4r det dags att \u00e4ven v\u00e5rda kropp och sj\u00e4l . L\u00e5t festen forts\u00e4tta i v\u00e5r relaxavdelning. H\u00e4r kan ni h\u00e4mta nya krafter, skratta och ha roligt. Du kan sj\u00e4lvklart ocks\u00e5 boka endast relaxavdelningen om du bara vill [&hellip;]<\/p>\n","protected":false},"author":1,"featured_media":0,"parent":10,"menu_order":1,"comment_status":"closed","ping_status":"closed","template":"","meta":{"footnotes":""},"class_list":["post-23","page","type-page","status-publish","hentry","post"],"jetpack_sharing_enabled":true,"_links":{"self":[{"href":"https:\/\/grangeshyrkart.se\/index.php?rest_route=\/wp\/v2\/pages\/23","targetHints":{"allow":["GET"]}}],"collection":[{"href":"https:\/\/grangeshyrkart.se\/index.php?rest_route=\/wp\/v2\/pages"}],"about":[{"href":"https:\/\/grangeshyrkart.se\/index.php?rest_route=\/wp\/v2\/types\/page"}],"author":[{"embeddable":true,"href":"https:\/\/grangeshyrkart.se\/index.php?rest_route=\/wp\/v2\/users\/1"}],"replies":[{"embeddable":true,"href":"https:\/\/grangeshyrkart.se\/index.php?rest_route=%2Fwp%2Fv2%2Fcomments&post=23"}],"version-history":[{"count":25,"href":"https:\/\/grangeshyrkart.se\/index.php?rest_route=\/wp\/v2\/pages\/23\/revisions"}],"predecessor-version":[{"id":724,"href":"https:\/\/grangeshyrkart.se\/index.php?rest_route=\/wp\/v2\/pages\/23\/revisions\/724"}],"up":[{"embeddable":true,"href":"https:\/\/grangeshyrkart.se\/index.php?rest_route=\/wp\/v2\/pages\/10"}],"wp:attachment":[{"href":"https:\/\/grangeshyrkart.se\/index.php?rest_route=%2Fwp%2Fv2%2Fmedia&parent=23"}],"curies":[{"name":"wp","href":"https:\/\/api.w.org\/{rel}","templated":true}]}}